{"id":14620,"date":"2023-06-06T17:57:22","date_gmt":"2023-06-06T15:57:22","guid":{"rendered":"https:\/\/poverso.com\/me-gusta-el-dolor\/"},"modified":"2026-04-01T09:11:58","modified_gmt":"2026-04-01T07:11:58","slug":"me-gusta-el-dolor","status":"publish","type":"page","link":"https:\/\/poverso.com\/es\/me-gusta-el-dolor\/","title":{"rendered":"Me gusta el dolor"},"content":{"rendered":"\n<div class=\"wp-block-columns is-layout-flex wp-container-core-columns-is-layout-9d6595d7 wp-block-columns-is-layout-flex\">\n<div class=\"wp-block-column is-layout-flow wp-block-column-is-layout-flow\" style=\"flex-basis:100%\">\n<h1 class=\"wp-block-heading has-text-align-center Poverso_H1\" id=\"h-ich-mag-schmerzen\">ME GUSTA EL DOLOR<\/h1>\n<\/div>\n<\/div>\n\n<div class=\"wp-block-columns is-layout-flex wp-container-core-columns-is-layout-9d6595d7 wp-block-columns-is-layout-flex\">\n<div class=\"wp-block-column is-layout-flow wp-block-column-is-layout-flow\" style=\"flex-basis:33.33%\"><div class=\"wp-block-image\">\n<figure data-wp-context=\"{&quot;imageId&quot;:&quot;69e5c5957f4ba&quot;}\" data-wp-interactive=\"core\/image\" data-wp-key=\"69e5c5957f4ba\" class=\"aligncenter size-large wp-lightbox-container\"><img decoding=\"async\" data-wp-class--hide=\"state.isContentHidden\" data-wp-class--show=\"state.isContentVisible\" data-wp-init=\"callbacks.setButtonStyles\" data-wp-on--click=\"actions.showLightbox\" data-wp-on--load=\"callbacks.setButtonStyles\" data-wp-on-window--resize=\"callbacks.setButtonStyles\" src=\"https:\/\/poverso.com\/Medien\/Webseite\/Seiten\/Knallroter-Po-mit-Rohrstock-in-der-Hand.jpg\" alt=\"Fetichismo - BDSM - SM - Azotes: Muestra a una mujer desnuda con el trasero muy enrojecido y una vara en la mano, con la que acaba de azotarle su bonito trasero\" title=\"Mujer con el trasero azotado y una vara\"\/><button\n\t\t\tclass=\"lightbox-trigger\"\n\t\t\ttype=\"button\"\n\t\t\taria-haspopup=\"dialog\"\n\t\t\taria-label=\"Agrandar\"\n\t\t\tdata-wp-init=\"callbacks.initTriggerButton\"\n\t\t\tdata-wp-on--click=\"actions.showLightbox\"\n\t\t\tdata-wp-style--right=\"state.imageButtonRight\"\n\t\t\tdata-wp-style--top=\"state.imageButtonTop\"\n\t\t>\n\t\t\t<svg xmlns=\"http:\/\/www.w3.org\/2000\/svg\" width=\"12\" height=\"12\" fill=\"none\" viewBox=\"0 0 12 12\">\n\t\t\t\t<path fill=\"#fff\" d=\"M2 0a2 2 0 0 0-2 2v2h1.5V2a.5.5 0 0 1 .5-.5h2V0H2Zm2 10.5H2a.5.5 0 0 1-.5-.5V8H0v2a2 2 0 0 0 2 2h2v-1.5ZM8 12v-1.5h2a.5.5 0 0 0 .5-.5V8H12v2a2 2 0 0 1-2 2H8Zm2-12a2 2 0 0 1 2 2v2h-1.5V2a.5.5 0 0 0-.5-.5H8V0h2Z\" \/>\n\t\t\t<\/svg>\n\t\t<\/button><\/figure>\n<\/div><\/div>\n\n\n\n<div class=\"wp-block-column is-layout-flow wp-block-column-is-layout-flow\" style=\"flex-basis:66.66%\">\n<p>Hay muchas formas de infligir dolor, por ejemplo mediante azotes, pellizcos (pinzas), quemaduras, picaduras o electrocuci\u00f3n. Aqu\u00ed veremos el tipo de juego m\u00e1s habitual, los azotes, que se han introducido en la vida sexual de muchos gracias a la pel\u00edcula \u00abCincuenta sombras de Grey\u00bb, as\u00ed como los pellizcos en los pezones. El dolor puede ser tan intenso que los participantes entran en un estado de embriaguez o trance, que se denomina \u00abvolar\u00bb, v\u00e9ase tambi\u00e9n BDSM. M\u00e1s informaci\u00f3n sobre esto en la <a href=\"https:\/\/poverso.com\/es\/hora-de-vuelo\/BDSM-Spanking\/\" target=\"_blank\" rel=\"noopener\" title=\"A los consejos y trucos\">lecci\u00f3n sobre volar<\/a>.  <\/p>\n\n\n\n<div style=\"height:15px\" aria-hidden=\"true\" class=\"wp-block-spacer\"><\/div>\n\n\n\n<blockquote class=\"wp-block-quote is-layout-flow wp-block-quote-is-layout-flow\">\n<p><strong>Las nalgadas er\u00f3ticas<\/strong> son un elemento t\u00edpico del BDSM, pero tambi\u00e9n pueden ser un cambio interesante para las parejas que prefieren el sexo m\u00e1s cl\u00e1sico (y, por supuesto, para todos los dem\u00e1s a los que no les va necesariamente el bondage y similares). La idea b\u00e1sica del azote es <strong>que un miembro de la pareja azote o \u00ababofetee\u00bb al otro, preferiblemente en el trasero<\/strong>. <\/p>\n\n\n\n<div style=\"height:15px\" aria-hidden=\"true\" class=\"wp-block-spacer\"><\/div>\n\n\n\n<p>En realidad, los azotes pueden aumentar la intensidad del orgasmo. Los golpes en el trasero estimulan la circulaci\u00f3n sangu\u00ednea y liberan endorfinas, lo que aumenta la excitaci\u00f3n. <\/p>\n<cite>Brigitte<\/cite><\/blockquote>\n<\/div>\n<\/div>\n\n<p id=\"sexspank\">El <strong>azote sexual<\/strong> se explica aqu\u00ed para ambas partes, es decir, para el ejecutor (activo) y para el receptor (pasivo).<br\/>Se explica maravillosamente en este art\u00edculo: https:\/\/love.menshealth.de\/sex\/bdsm-fuer-anfaenger\/.<br\/>Tambi\u00e9n hay una gu\u00eda para principiantes e interesados aqu\u00ed:\u00bb<strong><a href=\"https:\/\/love.menshealth.de\/sex\/bdsm-fuer-anfaenger\/\" title=\"El tema en otra p&#xE1;gina web\">BDSM para principiantes<\/a><\/strong>\u00ab.<\/p>\n\n<div style=\"height:21px\" aria-hidden=\"true\" class=\"wp-block-spacer\"><\/div>\n\n<blockquote class=\"wp-block-quote is-layout-flow wp-block-quote-is-layout-flow\">\n<h5 class=\"wp-block-heading\" id=\"h-ein-auzug-aus-dem-artikel\">Un extracto del art\u00edculo:<\/h5>\n\n\n\n<p>El BDSM est\u00e1 actualmente en boca de todos. Incluso muchas mujeres est\u00e1n admitiendo p\u00fablicamente su deseo por la v\u00eda m\u00e1s dura &#8230;.. <\/p>\n\n\n\n<p>Un experto en BDSM dice: \u00abToda mujer deber\u00eda probar el BDSM. Una vez que lo haya probado, querr\u00e1 volver a hacerlo\u00bb. &#8230;..<\/p>\n\n\n\n<p>Un estudio de la Universidad de Tilburg confirma que los devotos del BDSM no est\u00e1n enfermos. Los resultados indican incluso que los seguidores del camino duro son m\u00e1s sanos, m\u00e1s estables mentalmente y m\u00e1s felices en sus relaciones. <\/p>\n\n\n\n<p>El 44% de los hombres y el 24% de las mujeres declaran que les excitan los azotes durante el sexo. Sin embargo, suele seguir siendo una fantas\u00eda: seg\u00fan una encuesta realizada por el Instituto Forsa para la revista \u00abStern\u00bb, s\u00f3lo el 15% de los alemanes ha probado alguna vez el BDSM. <\/p>\n<cite>Salud masculina<\/cite><\/blockquote>\n\n<p>El \u00abcamino m\u00e1s duro\u00bb (SM) tambi\u00e9n ha encontrado su camino en el spanking sexual. A menudo es la oportunidad de \u00abdejarse llevar\u00bb para experimentar el sexo y tu propia satisfacci\u00f3n de forma mucho m\u00e1s intensa o para alcanzar el orgasmo de esta manera. Para algunos, la emoci\u00f3n absoluta es la p\u00e9rdida de control, que puede experimentarse muy intensamente. Esta p\u00e9rdida de control tambi\u00e9n puede ser experimentada por personas a las que no les gustan en absoluto los azotes ni el dolor.   <\/p>\n\n<hr class=\"wp-block-separator has-alpha-channel-opacity hr-blog\"\/>\n\n<div class=\"wp-block-columns is-layout-flex wp-container-core-columns-is-layout-9d6595d7 wp-block-columns-is-layout-flex\">\n<div class=\"wp-block-column is-layout-flow wp-block-column-is-layout-flow\" style=\"flex-basis:66.66%\">\n<h2 class=\"wp-block-heading has-text-color has-medium-font-size\" id=\"h-das-bestrafende-spanking-flagellation\" style=\"color:#cccccc\">Los <strong>azotes de castigo<\/strong> BDSM (flagelaci\u00f3n)<\/h2>\n\n\n\n<div style=\"height:15px\" aria-hidden=\"true\" class=\"wp-block-spacer\"><\/div>\n\n\n\n<p class=\"popmake-9379\">es similar al spanking sexual, pero con la diferencia de que el sumiso es castigado mediante el azote. En este caso se prefiere una mano m\u00e1s dura, de modo que el trasero suele quedar bien marcado. Las marcas, como las ronchas, suelen ser deseadas y dif\u00edciles de evitar. Dado que las marcas en el trasero pueden ser muy diferentes, <a href=\"#popmake-20245\" title=\"Mehr zu Spuren nach einer Z&#xFC;chtigung (Spanking)\"><span style=\"text-decoration: underline;\"><strong>aqu\u00ed<\/strong><\/span> <\/a>hay m\u00e1s informaci\u00f3n al respecto.   <br\/><br\/>La raz\u00f3n de esta necesidad de castigo suele estar en la infancia. Entonces, el sumiso suele percibir el castigo corporal como un sustituto de la atenci\u00f3n y el afecto. <\/p>\n<\/div>\n\n\n\n<div class=\"wp-block-column is-layout-flow wp-block-column-is-layout-flow\" style=\"flex-basis:33.33%\">\n<div style=\"height:54px\" aria-hidden=\"true\" class=\"wp-block-spacer\"><\/div>\n\n\n\n<figure data-wp-context=\"{&quot;imageId&quot;:&quot;69e5c59580272&quot;}\" data-wp-interactive=\"core\/image\" data-wp-key=\"69e5c59580272\" class=\"wp-block-image size-large is-resized wp-lightbox-container\"><img decoding=\"async\" data-wp-class--hide=\"state.isContentHidden\" data-wp-class--show=\"state.isContentVisible\" data-wp-init=\"callbacks.setButtonStyles\" data-wp-on--click=\"actions.showLightbox\" data-wp-on--load=\"callbacks.setButtonStyles\" data-wp-on-window--resize=\"callbacks.setButtonStyles\" src=\"https:\/\/poverso.com\/Medien\/Webseite\/Seiten\/Gebueckt-den-Rohrstock-auf-ihren-nackten-Arsch.jpg\" alt=\"Fetisch - BDSM - SM - Spanking: Zeigt eine nackte Frau die gebeugt &#xFC;ber die Bettkante ihren sch&#xF6;nen Po, mit Striemen, versohlt bekommt.\" style=\"width:509px;height:auto\" title=\"Mujer sobre el borde de la cama a la que le est&#xE1;n dando una paliza en el trasero.\"\/><button\n\t\t\tclass=\"lightbox-trigger\"\n\t\t\ttype=\"button\"\n\t\t\taria-haspopup=\"dialog\"\n\t\t\taria-label=\"Agrandar\"\n\t\t\tdata-wp-init=\"callbacks.initTriggerButton\"\n\t\t\tdata-wp-on--click=\"actions.showLightbox\"\n\t\t\tdata-wp-style--right=\"state.imageButtonRight\"\n\t\t\tdata-wp-style--top=\"state.imageButtonTop\"\n\t\t>\n\t\t\t<svg xmlns=\"http:\/\/www.w3.org\/2000\/svg\" width=\"12\" height=\"12\" fill=\"none\" viewBox=\"0 0 12 12\">\n\t\t\t\t<path fill=\"#fff\" d=\"M2 0a2 2 0 0 0-2 2v2h1.5V2a.5.5 0 0 1 .5-.5h2V0H2Zm2 10.5H2a.5.5 0 0 1-.5-.5V8H0v2a2 2 0 0 0 2 2h2v-1.5ZM8 12v-1.5h2a.5.5 0 0 0 .5-.5V8H12v2a2 2 0 0 1-2 2H8Zm2-12a2 2 0 0 1 2 2v2h-1.5V2a.5.5 0 0 0-.5-.5H8V0h2Z\" \/>\n\t\t\t<\/svg>\n\t\t<\/button><\/figure>\n<\/div>\n<\/div>\n\n<p>Seg\u00fan los \u00faltimos descubrimientos, puede haber aqu\u00ed una conexi\u00f3n con la disposici\u00f3n de las personas a asumir riesgos, que probablemente est\u00e1 determinada gen\u00e9ticamente y luego caracterizada por influencias externas. En este contexto, hay estudios interesantes sobre los temas de la \u00abb\u00fasqueda de sensaciones\u00bb y la \u00abb\u00fasqueda de sensaciones sexuales\u00bb.  - <a href=\"https:\/\/unipub.uni-graz.at\/obvugrhs\/download\/pdf\/8586563?originalFilename=true\" target=\"_blank\" rel=\"noopener\" title=\"El tema en otra p&#xE1;gina web\">Facetas de la personalidad y comportamiento sexual de riesgo <\/a> <\/p>\n\n<div style=\"height:15px\" aria-hidden=\"true\" class=\"wp-block-spacer\"><\/div>\n\n<blockquote class=\"wp-block-quote is-layout-flow wp-block-quote-is-layout-flow\">\n<p>Si comparas el ADN de dos personas, m\u00e1s del 99% del material gen\u00e9tico es id\u00e9ntico, mientras que menos del 1% var\u00eda. Estas diferencias se conocen como variantes gen\u00e9ticas y son responsables de las caracter\u00edsticas individuales de cada persona. <br\/><br\/><strong><a href=\"https:\/\/idw-online.de\/de\/news708799\" target=\"_blank\" rel=\"noopener\" title=\"El tema en otra p&#xE1;gina web\">Servicio de Informaci\u00f3n Cient\u00edfica<\/a><\/strong><\/p>\n<\/blockquote>\n\n<h4 class=\"wp-block-heading has-text-color has-link-color wp-elements-4a072bde842321e0e5bb737dfed618ec\" id=\"h-ich-prugel-dich-windelweich\" style=\"color:#cccccc\">Te dar\u00e9 una paliza de muerte<\/h4>\n\n<p>Muchos conocen frases como \u00abTe voy a dar una paliza\u00bb o \u00abTe voy a dejar tan magullado que no podr\u00e1s sentarte en una semana\u00bb. En su indefensi\u00f3n, se les golpeaba con todo tipo de <a href=\"#popmake-11955\" title=\"Im&#xE1;genes de instrumentos de castigo (dom&#xE9;sticos)\">utensilios dom\u00e9sticos<\/a> y palos. <\/p>\n\n<div style=\"height:10px\" aria-hidden=\"true\" class=\"wp-block-spacer\"><\/div>\n\n<p>La afirmaci\u00f3n \u00abquien ama a su hijo, lo castiga\u00bb tambi\u00e9n puede conducir a este deseo. Sobre todo si se crece en un entorno en el que los golpes eran algo totalmente normal en casa y uno no recib\u00eda golpes como todos los dem\u00e1s.<br\/>La consecuencia para el joven \u00ab\u00bfNo me pegaban, entonces no me quer\u00edan?\u00bb pod\u00eda llevar a que se provocara para recibir una paliza. <\/p>\n\n<div style=\"height:10px\" aria-hidden=\"true\" class=\"wp-block-spacer\"><\/div>\n\n<p>En \u00faltima instancia, sin embargo, probablemente haya muchas razones, o ninguna, para sentir placer por el dolor. Y no s\u00f3lo en el culo, sino tambi\u00e9n, como ocurre ahora con muchas personas pasivas, en otras zonas como los pechos, entre las piernas o simplemente en la espalda. <\/p>\n\n<div style=\"height:10px\" aria-hidden=\"true\" class=\"wp-block-spacer\"><\/div>\n\n<p>Incluso los encuentros asexuales con castigos tienen una atracci\u00f3n incre\u00edble antes y despu\u00e9s. Especialmente cuando se re\u00fanen castigos en una especie de juego de rol, puede ser totalmente excitante en el tiempo previo, a algunos tambi\u00e9n les excita cuando les provoca <a href=\"#popmake-20244\" title=\"Sobre los miedos en el BDSM \/ SM\">miedo (juego del miedo)<\/a>. Y despu\u00e9s, por ejemplo, cuando duele el trasero durante mucho tiempo mientras se est\u00e1 sentado, lo que resulta muy excitante para un gran n\u00famero de pasivos despu\u00e9s. El resultado es una relajaci\u00f3n total duradera y una saciedad total, incluso sin sexo.   <\/p>\n\n<div style=\"height:10px\" aria-hidden=\"true\" class=\"wp-block-spacer\"><\/div>\n\n<p>No queremos enumerar aqu\u00ed todos los tipos de spanking, hay suficiente lectura en Internet, como el L\u00e9xico BDSM. <\/p>\n\n<h4 class=\"wp-block-heading has-text-color has-link-color wp-elements-b0bf830b191fb27b20310362538d9562\" id=\"h-age-play\" style=\"color:#cccccc\">Juego de edades<\/h4>\n\n<p>Merece la pena mencionar el llamado <strong>Juego de Edades<\/strong>, en el que el sustituto se mete en el papel de su \u00e9poca anterior. Esto es posible gracias a la \u00absuspensi\u00f3n de la incredulidad\u00bb, que permite al sumiso meterse en un papel m\u00e1s joven en el juego. Adem\u00e1s del castigo por motivos educativos, a menudo se juega con la humillaci\u00f3n y la verg\u00fcenza del sumiso en su papel.  <\/p>\n\n<div style=\"height:10px\" aria-hidden=\"true\" class=\"wp-block-spacer\"><\/div>\n\n<p>A menudo, esto incluye el deseo de estar totalmente a merced del otro o de ceder por completo el control. Es algo que se encuentra con mucha frecuencia en los m\u00e1s diversos \u00e1mbitos del BDSM. Aqu\u00ed suele existir la necesidad, incluso en personas que por lo dem\u00e1s son muy dominantes, de poder <strong>dejarse llevar<\/strong>. Quiz\u00e1s esto se deba a que, de lo contrario, no se puede entregar por completo y, por lo tanto, la satisfacci\u00f3n sexual, sea del tipo que sea, resulta m\u00e1s dif\u00edcil. V\u00e9ase tambi\u00e9n m\u00e1s arriba, en \u00ab<a href=\"#sexspank\" title=\"Arriba a azotes sexuales\">azotes sexuales<\/a>\u00bb.    <br\/><br\/>Por lo tanto, esto es algo que las dominatrices y los dominantes practican con mucho gusto, en muchas variantes diferentes.<\/p>\n\n<hr class=\"wp-block-separator has-alpha-channel-opacity hr-blog\"\/>\n\n<h2 class=\"wp-block-heading has-text-color has-medium-font-size\" id=\"h-das-nippel-kneifen-brustwarzen\" style=\"color:#cccccc\"><strong>Pellizcos en el pe<\/strong> z\u00f3n (pezones)<\/h2>\n\n<div style=\"height:10px\" aria-hidden=\"true\" class=\"wp-block-spacer\"><\/div>\n\n<p>Es algo muy interesante que atrae especialmente a las mujeres dominantes en los hombres. Lo sorprendente es lo r\u00e1pido que algunas mujeres intentan pellizcar los pezones. Tan pronto como se lo permites o se dan cuenta de que te excita. Por supuesto, tambi\u00e9n se pueden utilizar accesorios como pinzas, etc. El hecho es que existe una conexi\u00f3n directa entre los pezones y el centro del placer, tanto en hombres como en mujeres.    <\/p>\n\n<div style=\"height:10px\" aria-hidden=\"true\" class=\"wp-block-spacer\"><\/div>\n\n<blockquote class=\"wp-block-quote is-layout-flow wp-block-quote-is-layout-flow\">\n<p>La tortura de pezones es una pr\u00e1ctica BDSM y puede llevarse a cabo de diversas formas. Lo que empieza con ligeras caricias de la zona er\u00f3gena puede convertirse en una forma l\u00fadica de tortura. Por tanto, no s\u00f3lo es muy popular entre los practicantes de BDSM de pura cepa. Tambi\u00e9n es ideal para principiantes y la manipulaci\u00f3n de los pezones forma parte del repertorio de toda persona activa. Se puede utilizar con hombres y mujeres, aunque suele ser mucho m\u00e1s intenso para las sustitutas femeninas.    <\/p>\n<cite>Biblioteca BDSM<\/cite><\/blockquote>\n\n<hr class=\"wp-block-separator has-alpha-channel-opacity\"\/>\n\n<p>Muchas personas no satisfacen sus necesidades durante toda su vida por miedo, cuando en realidad solo hay que dar un peque\u00f1o paso. Hay suficientes dominatrices profesionales con las que se pueden tener las primeras experiencias de forma segura. Cuando se puede hablar de las fantas\u00edas y los deseos, uno se abre por completo. Uno se siente liberado y, en realidad, mucho m\u00e1s feliz. Es sorprendente que, por lo general, en cuanto uno se abre, la reacci\u00f3n es positiva. Muchos se alegran por uno, ya que se dan cuenta de que ha cambiado para mejor.     <\/p>\n","protected":false},"excerpt":{"rendered":"<p>ME GUSTA EL DOLOR Hay muchas formas de infligir dolor, por ejemplo mediante azotes, pellizcos (pinzas), quemaduras, picaduras o electrocuci\u00f3n. Aqu\u00ed veremos el tipo de juego m\u00e1s habitual, los azotes, que se han introducido en la vida sexual de muchos gracias a la pel\u00edcula \u00abCincuenta sombras de Grey\u00bb, as\u00ed como los pellizcos en los pezones. [&hellip;]<\/p>\n","protected":false},"author":1,"featured_media":0,"parent":0,"menu_order":0,"comment_status":"closed","ping_status":"closed","template":"template-fullwidth.php","meta":{"pgc_sgb_lightbox_settings":"","footnotes":""},"categories":[117],"tags":[454,118,467,572,573,149,440],"class_list":["post-14620","page","type-page","status-publish","hentry","category-pagina-en-inicio","tag-age-play","tag-azotes","tag-bdsm","tag-castiga-a","tag-juego-de-pezones","tag-sm-es","tag-xxx"],"aioseo_notices":[],"_links":{"self":[{"href":"https:\/\/poverso.com\/es\/wp-json\/wp\/v2\/pages\/14620","targetHints":{"allow":["GET"]}}],"collection":[{"href":"https:\/\/poverso.com\/es\/wp-json\/wp\/v2\/pages"}],"about":[{"href":"https:\/\/poverso.com\/es\/wp-json\/wp\/v2\/types\/page"}],"author":[{"embeddable":true,"href":"https:\/\/poverso.com\/es\/wp-json\/wp\/v2\/users\/1"}],"replies":[{"embeddable":true,"href":"https:\/\/poverso.com\/es\/wp-json\/wp\/v2\/comments?post=14620"}],"version-history":[{"count":3,"href":"https:\/\/poverso.com\/es\/wp-json\/wp\/v2\/pages\/14620\/revisions"}],"predecessor-version":[{"id":46437,"href":"https:\/\/poverso.com\/es\/wp-json\/wp\/v2\/pages\/14620\/revisions\/46437"}],"wp:attachment":[{"href":"https:\/\/poverso.com\/es\/wp-json\/wp\/v2\/media?parent=14620"}],"wp:term":[{"taxonomy":"category","embeddable":true,"href":"https:\/\/poverso.com\/es\/wp-json\/wp\/v2\/categories?post=14620"},{"taxonomy":"post_tag","embeddable":true,"href":"https:\/\/poverso.com\/es\/wp-json\/wp\/v2\/tags?post=14620"}],"curies":[{"name":"wp","href":"https:\/\/api.w.org\/{rel}","templated":true}]}}