{"id":14676,"date":"2023-11-04T03:00:37","date_gmt":"2023-11-04T02:00:37","guid":{"rendered":"https:\/\/poverso.com\/proteccion-de-datos\/"},"modified":"2026-03-31T13:40:06","modified_gmt":"2026-03-31T11:40:06","slug":"proteccion-de-datos","status":"publish","type":"page","link":"https:\/\/poverso.com\/es\/proteccion-de-datos\/","title":{"rendered":"Protecci\u00f3n de datos"},"content":{"rendered":"\n<h1 class=\"wp-block-heading\" id=\"h-datenschutzerklarung\">Pol\u00edtica de privacidad<\/h1>\n\n<p>El responsable del tratamiento a efectos de la legislaci\u00f3n sobre protecci\u00f3n de datos, y en particular del Reglamento General de Protecci\u00f3n de Datos (RGPD) de la UE, es: <a href=\"https:\/\/poverso.com\/es\/\" title=\"Poverso\">Poverso<\/a> un sitio BDSM privado.<\/p>\n\n<div style=\"height:21px\" aria-hidden=\"true\" class=\"wp-block-spacer\"><\/div>\n\n<div class=\"wp-block-group\"><div class=\"wp-block-group__inner-container is-layout-constrained wp-block-group-is-layout-constrained\">\n<h2 class=\"wp-block-heading\" id=\"h-ihre-betroffenenrechte-mitglieder\">Tus derechos como interesado (miembros)<\/h2>\n\n\n\n<p>Puedes ejercer los siguientes derechos en cualquier momento utilizando los datos de contacto de nuestro responsable de protecci\u00f3n de datos:<\/p>\n\n\n\n<ul class=\"wp-block-list\">\n<li>Informaci\u00f3n sobre tus datos almacenados por nosotros y su procesamiento (Art. 15 GDPR),<\/li>\n\n\n\n<li>Correcci\u00f3n de datos personales incorrectos (Art. 16 GDPR),<\/li>\n\n\n\n<li>Eliminaci\u00f3n de tus datos almacenados por nosotros (Art. 17 GDPR),<\/li>\n\n\n\n<li>Restricci\u00f3n del procesamiento de datos si todav\u00eda no se nos permite eliminar tus datos debido a obligaciones legales (Art. 18 GDPR),<\/li>\n\n\n\n<li>Objeci\u00f3n al tratamiento de tus datos por nuestra parte (Art. 21 GDPR) y<\/li>\n\n\n\n<li>Portabilidad de los datos, siempre que hayas dado tu consentimiento al tratamiento de los datos o hayas celebrado un contrato con nosotros (Art. 20 GDPR).<\/li>\n<\/ul>\n\n\n\n<p>Si nos has dado tu consentimiento, puedes revocarlo en cualquier momento con efectos para el futuro.<\/p>\n\n\n\n<p>Puedes presentar una reclamaci\u00f3n ante una autoridad supervisora en cualquier momento, por ejemplo, ante la autoridad supervisora competente en el estado federal de tu lugar de residencia o ante la autoridad responsable de nosotros como responsable del tratamiento.<\/p>\n\n\n\n<p>Puedes encontrar una lista de autoridades supervisoras (para el sector no p\u00fablico) con sus direcciones en<\/p>\n\n\n\n<p><a href=\"https:\/\/www.bfdi.bund.de\/DE\/Service\/Anschriften\/Laender\/Laender-node.html\" target=\"_blank\" rel=\"noreferrer noopener\">https:\/\/www.bfdi.bund.de\/DE\/Service\/Anschriften\/Laender\/Laender-node.html<\/a><\/p>\n<\/div><\/div>\n\n<div style=\"height:21px\" aria-hidden=\"true\" class=\"wp-block-spacer\"><\/div>\n\n<div class=\"wp-block-group\"><div class=\"wp-block-group__inner-container is-layout-constrained wp-block-group-is-layout-constrained\">\n<h2 class=\"wp-block-heading\" id=\"h-erfassung-allgemeiner-informationen-beim-besuch-unserer-website\">Recogida de informaci\u00f3n general al visitar nuestro sitio web<\/h2>\n\n\n\n<h3 class=\"wp-block-heading\" id=\"h-art-und-zweck-der-verarbeitung\">Naturaleza y finalidad del tratamiento:<\/h3>\n\n\n\n<p>Cuando accedes a nuestro sitio web, es decir, si no te registras ni transmites informaci\u00f3n de otro modo, se recopila autom\u00e1ticamente informaci\u00f3n de car\u00e1cter general. Esta informaci\u00f3n (archivos de registro del servidor) incluye, por ejemplo, el tipo de navegador web, el sistema operativo utilizado, el nombre de dominio de tu proveedor de servicios de Internet, tu direcci\u00f3n IP y similares. <\/p>\n\n\n\n<p>Se procesan, en particular, para los siguientes fines:<\/p>\n\n\n\n<ul class=\"wp-block-list\">\n<li>Garantizar una conexi\u00f3n fluida con el sitio web,<\/li>\n\n\n\n<li>Garantizar el buen uso de nuestro sitio web,<\/li>\n\n\n\n<li>Evaluaci\u00f3n de la seguridad y estabilidad del sistema y<\/li>\n\n\n\n<li>para optimizar nuestro sitio web.<\/li>\n<\/ul>\n\n\n\n<p>No utilizamos tus datos para sacar conclusiones sobre tu persona. La informaci\u00f3n de este tipo puede ser evaluada estad\u00edsticamente por nosotros de forma an\u00f3nima con el fin de optimizar nuestro sitio web y la tecnolog\u00eda que hay detr\u00e1s de \u00e9l.  <\/p>\n<\/div><\/div>\n\n<div style=\"height:21px\" aria-hidden=\"true\" class=\"wp-block-spacer\"><\/div>\n\n<div class=\"wp-block-group\"><div class=\"wp-block-group__inner-container is-layout-constrained wp-block-group-is-layout-constrained\">\n<h3 class=\"wp-block-heading\" id=\"h-rechtsgrundlage-und-berechtigtes-interesse\">Base jur\u00eddica e inter\u00e9s leg\u00edtimo:  <\/h3>\n\n\n\n<p>El tratamiento se lleva a cabo de conformidad con el art\u00edculo 6, apartado 1, letra  art. 6 del RGPD, sobre la base de nuestro inter\u00e9s leg\u00edtimo en mejorar la estabilidad y la funcionalidad de nuestro sitio web. <\/p>\n\n\n\n<h3 class=\"wp-block-heading\" id=\"h-empfanger\">Beneficiario:<\/h3>\n\n\n\n<p>Los destinatarios de los datos pueden ser proveedores de servicios t\u00e9cnicos que act\u00faan como procesadores para el funcionamiento y mantenimiento de nuestro sitio web.<\/p>\n\n\n\n<h3 class=\"wp-block-heading\" id=\"h-speicherdauer\">Duraci\u00f3n del almacenamiento:  <\/h3>\n\n\n\n<p>Los datos se eliminan en cuanto dejan de ser necesarios para el fin para el que se recogieron. \u00c9ste es generalmente el caso de los datos utilizados para proporcionar el sitio web cuando la sesi\u00f3n respectiva ha finalizado. <\/p>\n\n\n\n<h3 class=\"wp-block-heading\" id=\"h-bereitstellung-vorgeschrieben-oder-erforderlich\">Disposici\u00f3n prescrita o exigida:<\/h3>\n\n\n\n<p>El suministro de los datos personales mencionados no es legal ni contractualmente obligatorio. Sin embargo, sin la direcci\u00f3n IP, no se puede garantizar el servicio y la funcionalidad de nuestro sitio web. Adem\u00e1s, es posible que determinados servicios no est\u00e9n disponibles o est\u00e9n restringidos. Por este motivo, queda excluida toda objeci\u00f3n.   <\/p>\n<\/div><\/div>\n\n<div style=\"height:21px\" aria-hidden=\"true\" class=\"wp-block-spacer\"><\/div>\n\n<div class=\"wp-block-group\"><div class=\"wp-block-group__inner-container is-layout-constrained wp-block-group-is-layout-constrained\">\n<h2 class=\"wp-block-heading\" id=\"h-verwendung-von-google-webfonts\">Uso de Google Web Fonts<\/h2>\n\n\n\n<p>Para mostrar nuestro contenido de forma correcta y gr\u00e1ficamente atractiva en todos los navegadores, utilizamos \u00abGoogle Web Fonts\u00bb de Google LLC (1600 Amphitheatre Parkway, Mountain View, CA 94043, EE.UU.; en adelante, \u00abGoogle\u00bb) para mostrar fuentes en este sitio web.  <\/p>\n\n\n\n<p>Puedes encontrar m\u00e1s informaci\u00f3n sobre Google Web Fonts en <br\/><a href=\"https:\/\/developers.google.com\/fonts\/faq\" target=\"_blank\" rel=\"noreferrer noopener nofollow\">https:\/\/developers.google.com\/fonts\/faq<\/a> <br\/>y en la pol\u00edtica de privacidad de Google: <br\/><a href=\"https:\/\/www.google.com\/policies\/privacy\/\" target=\"_blank\" rel=\"noreferrer noopener nofollow\">https:\/\/www.google.com\/policies\/privacy<\/a><\/p>\n<\/div><\/div>\n\n<div style=\"height:21px\" aria-hidden=\"true\" class=\"wp-block-spacer\"><\/div>\n\n<div class=\"wp-block-group\"><div class=\"wp-block-group__inner-container is-layout-constrained wp-block-group-is-layout-constrained\">\n<h2 class=\"wp-block-heading\" id=\"h-eingebettete-youtube-videos\">V\u00eddeos de YouTube incrustados<\/h2>\n\n\n\n<p>Incrustamos v\u00eddeos de YouTube en nuestro sitio web. El operador de los plugins correspondientes es YouTube, LLC, 901 Cherry Ave, San Bruno, CA 94066, EE.UU. (en lo sucesivo, \u00abYouTube\u00bb). YouTube, LLC es una filial de Google LLC, 1600 Amphitheatre Pkwy, Mountain View, CA 94043, EE.UU. (en lo sucesivo, \u00abGoogle\u00bb). Cuando visitas una p\u00e1gina con el plugin de YouTube, se establece una conexi\u00f3n con los servidores de YouTube. Se informa a YouTube de las p\u00e1ginas que visitas. Si has iniciado sesi\u00f3n en tu cuenta de YouTube, YouTube puede asignarte personalmente tu comportamiento de navegaci\u00f3n. Puedes evitarlo desconect\u00e1ndote previamente de tu cuenta de YouTube.<\/p>\n\n\n\n<p>Cuando se inicia un v\u00eddeo de YouTube, el proveedor utiliza cookies que recogen informaci\u00f3n sobre el comportamiento del usuario.  <\/p>\n\n\n\n<p>Puedes encontrar m\u00e1s informaci\u00f3n sobre la finalidad y el alcance de la recopilaci\u00f3n de datos y su tratamiento por parte de YouTube en la pol\u00edtica de privacidad del proveedor, donde tambi\u00e9n encontrar\u00e1s m\u00e1s informaci\u00f3n sobre tus derechos al respecto y las opciones de configuraci\u00f3n para proteger tu privacidad<a href=\"https:\/\/policies.google.com\/privacy\">(https:\/\/policies.google.com\/privacy)<\/a>.  <\/p>\n<\/div><\/div>\n\n<div style=\"height:21px\" aria-hidden=\"true\" class=\"wp-block-spacer\"><\/div>\n\n<div class=\"wp-block-group\"><div class=\"wp-block-group__inner-container is-layout-constrained wp-block-group-is-layout-constrained\">\n<h2 class=\"wp-block-heading\" id=\"h-verwendung-eines-statistik-plugin-wp-statistics\">Uso de un plugin de estad\u00edsticas (WP Statistics)<\/h2>\n\n\n\n<p>Nuestro m\u00f3dulo de estad\u00edsticas no utiliza cookies y los datos recogidos s\u00f3lo se utilizan para generar estad\u00edsticas anonimizadas sobre el uso de nuestro sitio web. El m\u00f3dulo tambi\u00e9n anonimiza tu direcci\u00f3n IP. Por tanto, no es posible identificarte como persona.  <\/p>\n\n\n\n<h2 class=\"wp-block-heading\" id=\"h-ssl-verschlusselung\">Encriptaci\u00f3n SSL<\/h2>\n\n\n\n<p>Para proteger la seguridad de tus datos durante la transmisi\u00f3n, utilizamos m\u00e9todos de encriptaci\u00f3n de \u00faltima generaci\u00f3n (por ejemplo, SSL) a trav\u00e9s de HTTPS.<\/p>\n\n\n\n<h3 class=\"wp-block-heading\" id=\"h-widerruf-der-einwilligung\">Revocaci\u00f3n del consentimiento:<\/h3>\n\n\n\n<p>En la actualidad, el proveedor no ofrece la opci\u00f3n de optar simplemente por no participar o bloquear la transmisi\u00f3n de datos. Si deseas evitar que se rastreen tus actividades en nuestro sitio web, revoca tu consentimiento para la categor\u00eda de cookies correspondiente o para todas las cookies y transmisiones de datos t\u00e9cnicamente innecesarias en la herramienta de consentimiento de cookies. En este caso, sin embargo, es posible que no puedas utilizar nuestro sitio web o que s\u00f3lo puedas utilizarlo de forma limitada.   <\/p>\n<\/div><\/div>\n\n<hr class=\"wp-block-separator has-alpha-channel-opacity\"\/>\n\n<div class=\"wp-block-group\"><div class=\"wp-block-group__inner-container is-layout-constrained wp-block-group-is-layout-constrained\">\n<h2 class=\"wp-block-heading\" id=\"h-information-uber-ihr-widerspruchsrecht-nach-art-21-dsgvo\">Informaci\u00f3n sobre tu derecho de oposici\u00f3n de acuerdo con el Art. 21 GDPR<\/h2>\n\n\n\n<h3 class=\"wp-block-heading\" id=\"h-einzelfallbezogenes-widerspruchsrecht\">Derecho individual de oposici\u00f3n<\/h3>\n\n\n\n<p> Tiene derecho a oponerse en cualquier momento, por motivos relacionados con su situaci\u00f3n particular, al tratamiento de los datos personales que le conciernen y que se basen en el art\u00edculo 6, apartado art\u00edculo 1, letra f), del RGPD (tratamiento de datos basado en una ponderaci\u00f3n de intereses); esto se aplica tambi\u00e9n a la elaboraci\u00f3n de perfiles en virtud de dicha disposici\u00f3n, en el sentido del art\u00edculo 4, apartado 4, del RGPD. <\/p>\n\n\n\n<p>Si te opones, dejaremos de tratar tus datos personales a menos que podamos demostrar motivos leg\u00edtimos imperiosos para el tratamiento que prevalezcan sobre tus intereses, derechos y libertades, o el tratamiento sirva para el establecimiento, ejercicio o defensa de reclamaciones legales.<\/p>\n\n\n\n<h3 class=\"wp-block-heading\" id=\"h-empfanger-eines-widerspruchs\">Destinatario de una objeci\u00f3n<\/h3>\n\n\n\n<p><strong><a href=\"mailto:Info@Poverso.com\" target=\"_blank\" rel=\"noreferrer noopener\">Info@Poverso.com<\/a><\/strong><\/p>\n<\/div><\/div>\n\n<hr class=\"wp-block-separator has-alpha-channel-opacity\"\/>\n\n<div class=\"wp-block-group\"><div class=\"wp-block-group__inner-container is-layout-constrained wp-block-group-is-layout-constrained\">\n<h2 class=\"wp-block-heading\" id=\"h-anderung-unserer-datenschutzbestimmungen\">Cambios en nuestra pol\u00edtica de privacidad<\/h2>\n\n\n\n<p>Nos reservamos el derecho a modificar esta pol\u00edtica de privacidad para que cumpla siempre con los requisitos legales vigentes o para implementar cambios en nuestros servicios en la pol\u00edtica de privacidad, por ejemplo, al introducir nuevos servicios. La nueva pol\u00edtica de privacidad se aplicar\u00e1 entonces a tu pr\u00f3xima visita.   <\/p>\n\n\n\n<h2 class=\"wp-block-heading\" id=\"h-fragen-an-den-datenschutzbeauftragten\">Preguntas para el responsable de la protecci\u00f3n de datos<\/h2>\n\n\n\n<p>Si tienes alguna pregunta sobre la protecci\u00f3n de datos, env\u00edanos un correo electr\u00f3nico o ponte en contacto directamente con el responsable de protecci\u00f3n de datos de nuestra organizaci\u00f3n en <strong>Info@Poverso.com<\/strong>.<br\/><\/p>\n<\/div><\/div>\n","protected":false},"excerpt":{"rendered":"<p>Pol\u00edtica de privacidad El responsable del tratamiento a efectos de la legislaci\u00f3n sobre protecci\u00f3n de datos, y en particular del Reglamento General de Protecci\u00f3n de Datos (RGPD) de la UE, es: Poverso un sitio BDSM privado. Tus derechos como interesado (miembros) Puedes ejercer los siguientes derechos en cualquier momento utilizando los datos de contacto de [&hellip;]<\/p>\n","protected":false},"author":1,"featured_media":0,"parent":0,"menu_order":0,"comment_status":"closed","ping_status":"closed","template":"","meta":{"pgc_sgb_lightbox_settings":"","footnotes":""},"categories":[],"tags":[440],"class_list":["post-14676","page","type-page","status-publish","hentry","tag-xxx"],"aioseo_notices":[],"_links":{"self":[{"href":"https:\/\/poverso.com\/es\/wp-json\/wp\/v2\/pages\/14676","targetHints":{"allow":["GET"]}}],"collection":[{"href":"https:\/\/poverso.com\/es\/wp-json\/wp\/v2\/pages"}],"about":[{"href":"https:\/\/poverso.com\/es\/wp-json\/wp\/v2\/types\/page"}],"author":[{"embeddable":true,"href":"https:\/\/poverso.com\/es\/wp-json\/wp\/v2\/users\/1"}],"replies":[{"embeddable":true,"href":"https:\/\/poverso.com\/es\/wp-json\/wp\/v2\/comments?post=14676"}],"version-history":[{"count":4,"href":"https:\/\/poverso.com\/es\/wp-json\/wp\/v2\/pages\/14676\/revisions"}],"predecessor-version":[{"id":46341,"href":"https:\/\/poverso.com\/es\/wp-json\/wp\/v2\/pages\/14676\/revisions\/46341"}],"wp:attachment":[{"href":"https:\/\/poverso.com\/es\/wp-json\/wp\/v2\/media?parent=14676"}],"wp:term":[{"taxonomy":"category","embeddable":true,"href":"https:\/\/poverso.com\/es\/wp-json\/wp\/v2\/categories?post=14676"},{"taxonomy":"post_tag","embeddable":true,"href":"https:\/\/poverso.com\/es\/wp-json\/wp\/v2\/tags?post=14676"}],"curies":[{"name":"wp","href":"https:\/\/api.w.org\/{rel}","templated":true}]}}