{"id":14594,"date":"2023-06-06T17:57:22","date_gmt":"2023-06-06T15:57:22","guid":{"rendered":"https:\/\/poverso.com\/jaime-avoir-mal\/"},"modified":"2026-04-01T09:09:36","modified_gmt":"2026-04-01T07:09:36","slug":"jaime-la-douleur","status":"publish","type":"page","link":"https:\/\/poverso.com\/fr\/jaime-la-douleur\/","title":{"rendered":"J&rsquo;aime avoir mal !"},"content":{"rendered":"\n<div class=\"wp-block-columns is-layout-flex wp-container-core-columns-is-layout-9d6595d7 wp-block-columns-is-layout-flex\">\n<div class=\"wp-block-column is-layout-flow wp-block-column-is-layout-flow\" style=\"flex-basis:100%\">\n<h1 class=\"wp-block-heading has-text-align-center Poverso_H1\" id=\"h-ich-mag-schmerzen\">J&rsquo;AIME AVOIR MAL !<\/h1>\n<\/div>\n<\/div>\n\n<div class=\"wp-block-columns is-layout-flex wp-container-core-columns-is-layout-9d6595d7 wp-block-columns-is-layout-flex\">\n<div class=\"wp-block-column is-layout-flow wp-block-column-is-layout-flow\" style=\"flex-basis:33.33%\"><div class=\"wp-block-image\">\n<figure data-wp-context=\"{&quot;imageId&quot;:&quot;69da269b45fa6&quot;}\" data-wp-interactive=\"core\/image\" data-wp-key=\"69da269b45fa6\" class=\"aligncenter size-large wp-lightbox-container\"><img decoding=\"async\" data-wp-class--hide=\"state.isContentHidden\" data-wp-class--show=\"state.isContentVisible\" data-wp-init=\"callbacks.setButtonStyles\" data-wp-on--click=\"actions.showLightbox\" data-wp-on--load=\"callbacks.setButtonStyles\" data-wp-on-window--resize=\"callbacks.setButtonStyles\" src=\"https:\/\/poverso.com\/Medien\/Webseite\/Seiten\/Knallroter-Po-mit-Rohrstock-in-der-Hand.jpg\" alt=\"F&#xE9;tichisme - BDSM - SM - Fess&#xE9;e : montre une femme nue aux fesses tr&#xE8;s rouges, tenant dans sa main une canne qui vient de lui donner une fess&#xE9;e sur ses jolies fesses\" title=\"Femme avec les fesses rougies et une canne\"\/><button\n\t\t\tclass=\"lightbox-trigger\"\n\t\t\ttype=\"button\"\n\t\t\taria-haspopup=\"dialog\"\n\t\t\taria-label=\"Agrandir\"\n\t\t\tdata-wp-init=\"callbacks.initTriggerButton\"\n\t\t\tdata-wp-on--click=\"actions.showLightbox\"\n\t\t\tdata-wp-style--right=\"state.imageButtonRight\"\n\t\t\tdata-wp-style--top=\"state.imageButtonTop\"\n\t\t>\n\t\t\t<svg xmlns=\"http:\/\/www.w3.org\/2000\/svg\" width=\"12\" height=\"12\" fill=\"none\" viewBox=\"0 0 12 12\">\n\t\t\t\t<path fill=\"#fff\" d=\"M2 0a2 2 0 0 0-2 2v2h1.5V2a.5.5 0 0 1 .5-.5h2V0H2Zm2 10.5H2a.5.5 0 0 1-.5-.5V8H0v2a2 2 0 0 0 2 2h2v-1.5ZM8 12v-1.5h2a.5.5 0 0 0 .5-.5V8H12v2a2 2 0 0 1-2 2H8Zm2-12a2 2 0 0 1 2 2v2h-1.5V2a.5.5 0 0 0-.5-.5H8V0h2Z\" \/>\n\t\t\t<\/svg>\n\t\t<\/button><\/figure>\n<\/div><\/div>\n\n\n\n<div class=\"wp-block-column is-layout-flow wp-block-column-is-layout-flow\" style=\"flex-basis:66.66%\">\n<p>Il existe de nombreuses fa\u00e7ons d&rsquo;infliger de la douleur, par exemple en frappant (fess\u00e9e), en pin\u00e7ant (agrafe), en br\u00fblant, en piquant ou en \u00e9lectrifiant. Nous nous int\u00e9ressons ici au type de jeu le plus courant, les coups, \u00e9galement appel\u00e9s fess\u00e9es, qui sont entr\u00e9s dans la vie sexuelle de beaucoup gr\u00e2ce au film \u00ab\u00a0Cinquante nuances de Grey\u00a0\u00bb, ainsi qu&rsquo;au pincement des t\u00e9tons. La douleur peut \u00eatre si intense que les participants entrent dans un \u00e9tat d&rsquo;ivresse ou de transe appel\u00e9 \u00ab\u00a0vol\u00a0\u00bb, voir aussi BDSM. Pour en savoir plus, voir la <a href=\"https:\/\/poverso.com\/fr\/heure-de-vol\/BDSM-Spanking\/\" target=\"_blank\" rel=\"noopener\" title=\"Vers les conseils et astuces\">le\u00e7on de vol<\/a>.  <\/p>\n\n\n\n<div style=\"height:15px\" aria-hidden=\"true\" class=\"wp-block-spacer\"><\/div>\n\n\n\n<blockquote class=\"wp-block-quote is-layout-flow wp-block-quote-is-layout-flow\">\n<p><strong>La fess\u00e9e \u00e9rotique<\/strong> est un \u00e9l\u00e9ment typique du BDSM, mais elle peut aussi \u00eatre int\u00e9ressante pour les couples qui pr\u00e9f\u00e8rent les rapports sexuels classiques (et bien s\u00fbr pour tous ceux qui n&rsquo;aiment pas trop le bondage et autres). L&rsquo;id\u00e9e de base de la fess\u00e9e est <strong>que l&rsquo;un des partenaires sexuels donne \u00e0 l&rsquo;autre des coups ou des \u00ab\u00a0claques\u00a0\u00bb, de pr\u00e9f\u00e9rence sur les fesses<\/strong>. <\/p>\n\n\n\n<div style=\"height:15px\" aria-hidden=\"true\" class=\"wp-block-spacer\"><\/div>\n\n\n\n<p>En fait, la fess\u00e9e permet d&rsquo;augmenter l&rsquo;intensit\u00e9 de l&rsquo;orgasme. Les coups port\u00e9s sur les fesses stimulent la circulation sanguine et lib\u00e8rent des endorphines, ce qui augmente l&rsquo;excitation. <\/p>\n<cite>Brigitte<\/cite><\/blockquote>\n<\/div>\n<\/div>\n\n<p id=\"sexspank\">La <strong>fess\u00e9e sexuelle<\/strong> est expliqu\u00e9e ici pour les deux parties, l&rsquo;ex\u00e9cutant (actif) et le receveur (passif).<br\/>Cet article l&rsquo;explique merveilleusement bien : https:\/\/love.menshealth.de\/sex\/bdsm-fuer-anfaenger\/.<br\/>De plus, il y a un guide pour les nouveaux venus et les personnes int\u00e9ress\u00e9es : \u00ab\u00a0<strong><a href=\"https:\/\/love.menshealth.de\/sex\/bdsm-fuer-anfaenger\/\" title=\"Le sujet sur un autre site web\">BDSM pour d\u00e9butants<\/a><\/strong>\u00ab\u00a0.<\/p>\n\n<div style=\"height:21px\" aria-hidden=\"true\" class=\"wp-block-spacer\"><\/div>\n\n<blockquote class=\"wp-block-quote is-layout-flow wp-block-quote-is-layout-flow\">\n<h5 class=\"wp-block-heading\" id=\"h-ein-auzug-aus-dem-artikel\">Un extrait de l&rsquo;article :<\/h5>\n\n\n\n<p>Le BDSM est actuellement sur toutes les l\u00e8vres. M\u00eame de nombreuses femmes avouent publiquement leur d\u00e9sir d&rsquo;une approche plus dure &#8230;.. <\/p>\n\n\n\n<p>Une experte en BDSM dit : \u00ab\u00a0Chaque femme devrait essayer le BDSM. Une fois qu&rsquo;elle l&rsquo;a essay\u00e9, elle veut le refaire\u00a0\u00bb. &#8230;..<\/p>\n\n\n\n<p>Une \u00e9tude de l&rsquo;universit\u00e9 de Tilburg confirme que les adeptes du BDSM ne sont pas malades. Les r\u00e9sultats indiquent m\u00eame que les adeptes de la mani\u00e8re forte sont en meilleure sant\u00e9, plus solides mentalement et plus heureux dans leur couple. <\/p>\n\n\n\n<p>44 % des hommes et 24 % des femmes ont d\u00e9clar\u00e9 qu&rsquo;ils trouvaient les coups excitants pendant les rapports sexuels. Mais la plupart du temps, cela reste un fantasme : selon un sondage r\u00e9alis\u00e9 par l&rsquo;institut Forsa pour le magazine Stern, seuls 15 % des Allemands ont d\u00e9j\u00e0 essay\u00e9 le BDSM. <\/p>\n<cite>Men&rsquo;sHealth<\/cite><\/blockquote>\n\n<p>La fess\u00e9e sexuelle a \u00e9galement fait son entr\u00e9e dans la \u00ab\u00a0mani\u00e8re forte\u00a0\u00bb (SM). Il s&rsquo;agit souvent de la possibilit\u00e9 de \u00ab\u00a0se laisser aller\u00a0\u00bb afin de ressentir le sexe et sa propre satisfaction de mani\u00e8re beaucoup plus intense ou d&rsquo;atteindre l&rsquo;orgasme uniquement de cette mani\u00e8re. Pour certains, le plaisir absolu est la perte de contr\u00f4le, qui peut \u00eatre v\u00e9cue tr\u00e8s intens\u00e9ment. Cette perte de contr\u00f4le peut \u00eatre v\u00e9cue par des personnes qui n&rsquo;aiment pas du tout les coups ou la douleur.   <\/p>\n\n<hr class=\"wp-block-separator has-alpha-channel-opacity hr-blog\"\/>\n\n<div class=\"wp-block-columns is-layout-flex wp-container-core-columns-is-layout-9d6595d7 wp-block-columns-is-layout-flex\">\n<div class=\"wp-block-column is-layout-flow wp-block-column-is-layout-flow\" style=\"flex-basis:66.66%\">\n<h2 class=\"wp-block-heading has-text-color has-medium-font-size\" id=\"h-das-bestrafende-spanking-flagellation\" style=\"color:#cccccc\">La <strong>fess\u00e9e punitive<\/strong> BDSM (flagellation)<\/h2>\n\n\n\n<div style=\"height:15px\" aria-hidden=\"true\" class=\"wp-block-spacer\"><\/div>\n\n\n\n<p class=\"popmake-9379\">est similaire \u00e0 la fess\u00e9e sexuelle, mais dans ce cas, le soumis est puni par le ch\u00e2timent. On pr\u00e9f\u00e8re ici une approche plus s\u00e9v\u00e8re, de sorte que les fesses sont g\u00e9n\u00e9ralement bien marqu\u00e9es apr\u00e8s coup. Les marques telles que les traces de coups sont g\u00e9n\u00e9ralement souhait\u00e9es et difficiles \u00e0 \u00e9viter. Comme les marques sur les fesses peuvent \u00eatre tr\u00e8s diff\u00e9rentes, vous trouverez plus d&rsquo;informations \u00e0 ce sujet <span style=\"text-decoration: underline;\"><strong><a href=\"#popmake-20250\" title=\"En savoir plus sur les traces apr&#xE8;s une fess&#xE9;e (spanking)\">ici<\/a><\/strong><\/span>.   <br\/><br\/>La raison de ce besoin de punition est souvent pos\u00e9e d\u00e8s l&rsquo;enfance. Le d\u00e9vot per\u00e7oit alors g\u00e9n\u00e9ralement la fess\u00e9e comme un substitut \u00e0 l&rsquo;attention et \u00e0 l&rsquo;affection. <\/p>\n<\/div>\n\n\n\n<div class=\"wp-block-column is-layout-flow wp-block-column-is-layout-flow\" style=\"flex-basis:33.33%\">\n<div style=\"height:54px\" aria-hidden=\"true\" class=\"wp-block-spacer\"><\/div>\n\n\n\n<figure data-wp-context=\"{&quot;imageId&quot;:&quot;69da269b46a25&quot;}\" data-wp-interactive=\"core\/image\" data-wp-key=\"69da269b46a25\" class=\"wp-block-image size-large is-resized wp-lightbox-container\"><img decoding=\"async\" data-wp-class--hide=\"state.isContentHidden\" data-wp-class--show=\"state.isContentVisible\" data-wp-init=\"callbacks.setButtonStyles\" data-wp-on--click=\"actions.showLightbox\" data-wp-on--load=\"callbacks.setButtonStyles\" data-wp-on-window--resize=\"callbacks.setButtonStyles\" src=\"https:\/\/poverso.com\/Medien\/Webseite\/Seiten\/Gebueckt-den-Rohrstock-auf-ihren-nackten-Arsch.jpg\" alt=\"Fetisch - BDSM - SM - Spanking: Zeigt eine nackte Frau die gebeugt &#xFC;ber die Bettkante ihren sch&#xF6;nen Po, mit Striemen, versohlt bekommt.\" style=\"width:509px;height:auto\" title=\"Femme allong&#xE9;e sur le bord du lit, recevant une fess&#xE9;e\"\/><button\n\t\t\tclass=\"lightbox-trigger\"\n\t\t\ttype=\"button\"\n\t\t\taria-haspopup=\"dialog\"\n\t\t\taria-label=\"Agrandir\"\n\t\t\tdata-wp-init=\"callbacks.initTriggerButton\"\n\t\t\tdata-wp-on--click=\"actions.showLightbox\"\n\t\t\tdata-wp-style--right=\"state.imageButtonRight\"\n\t\t\tdata-wp-style--top=\"state.imageButtonTop\"\n\t\t>\n\t\t\t<svg xmlns=\"http:\/\/www.w3.org\/2000\/svg\" width=\"12\" height=\"12\" fill=\"none\" viewBox=\"0 0 12 12\">\n\t\t\t\t<path fill=\"#fff\" d=\"M2 0a2 2 0 0 0-2 2v2h1.5V2a.5.5 0 0 1 .5-.5h2V0H2Zm2 10.5H2a.5.5 0 0 1-.5-.5V8H0v2a2 2 0 0 0 2 2h2v-1.5ZM8 12v-1.5h2a.5.5 0 0 0 .5-.5V8H12v2a2 2 0 0 1-2 2H8Zm2-12a2 2 0 0 1 2 2v2h-1.5V2a.5.5 0 0 0-.5-.5H8V0h2Z\" \/>\n\t\t\t<\/svg>\n\t\t<\/button><\/figure>\n<\/div>\n<\/div>\n\n<p>Selon des recherches r\u00e9centes, il peut y avoir un lien avec la propension au risque des personnes, qui est probablement g\u00e9n\u00e9tique et ensuite influenc\u00e9e par des facteurs externes. Dans ce contexte, il existe des \u00e9tudes int\u00e9ressantes sur la \u00ab\u00a0recherche de sensations\u00a0\u00bb et la \u00ab\u00a0recherche de sensations sexuelles\u00a0\u00bb.  - <a href=\"https:\/\/unipub.uni-graz.at\/obvugrhs\/download\/pdf\/8586563?originalFilename=true\" target=\"_blank\" rel=\"noopener\" title=\"Le sujet sur un autre site web\">Facettes de la personnalit\u00e9 et comportements sexuels \u00e0 risque <\/a> <\/p>\n\n<div style=\"height:15px\" aria-hidden=\"true\" class=\"wp-block-spacer\"><\/div>\n\n<blockquote class=\"wp-block-quote is-layout-flow wp-block-quote-is-layout-flow\">\n<p>Si l&rsquo;on compare l&rsquo;ADN de deux personnes, plus de 99 % du mat\u00e9riel g\u00e9n\u00e9tique est identique, tandis que moins de 1 % varie. Ces diff\u00e9rences sont appel\u00e9es variantes g\u00e9n\u00e9tiques et sont responsables des caract\u00e9ristiques individuelles de chaque personne. <br\/><br\/><strong><a href=\"https:\/\/idw-online.de\/de\/news708799\" target=\"_blank\" rel=\"noopener\" title=\"Le sujet sur un autre site web\">Service d&rsquo;information scientifique<\/a><\/strong><\/p>\n<\/blockquote>\n\n<h4 class=\"wp-block-heading has-text-color has-link-color wp-elements-565b74beab19688408d8ff86f6e7c09b\" id=\"h-ich-prugel-dich-windelweich\" style=\"color:#cccccc\">Je vais t&rsquo;en mettre plein la vue<\/h4>\n\n<p>Des phrases telles que \u00ab Je vais te battre comme pl\u00e2tre \u00bb ou \u00ab Je vais te battre jusqu&rsquo;\u00e0 ce que tu ne puisses plus t&rsquo;asseoir pendant une semaine \u00bb sont famili\u00e8res \u00e0 beaucoup. Dans son \u00e9tat de vuln\u00e9rabilit\u00e9, on le frappait avec toutes sortes <a href=\"#popmake-14409\" title=\"Images d'instruments de ch&#xE2;timent (m&#xE9;nage)\">d&rsquo;ustensiles m\u00e9nagers <\/a>et de cannes. <\/p>\n\n<div style=\"height:10px\" aria-hidden=\"true\" class=\"wp-block-spacer\"><\/div>\n\n<p>La phrase \u00ab Qui aime son enfant le corrige \u00bb peut \u00e9galement conduire \u00e0 ce d\u00e9sir. Surtout si l&rsquo;on grandit dans un environnement o\u00f9 les coups \u00e9taient tout \u00e0 fait normaux \u00e0 la maison et que l&rsquo;on n&rsquo;\u00e9tait pas battu comme tous les autres.<br\/>La conclusion pour le jeune \u00ab Ils ne m&rsquo;ont pas battu, donc ils ne m&rsquo;aimaient pas ? \u00bb pouvait alors conduire \u00e0 provoquer d\u00e9lib\u00e9r\u00e9ment pour recevoir une correction. <\/p>\n\n<div style=\"height:10px\" aria-hidden=\"true\" class=\"wp-block-spacer\"><\/div>\n\n<p>En fin de compte, il y a beaucoup de raisons, ou aucune, pour lesquelles on ressent le plaisir de la douleur. Et pas seulement sur les fesses, mais aussi, pour un grand nombre de personnes passives, sur d&rsquo;autres zones comme les seins, entre les jambes ou simplement sur le dos. <\/p>\n\n<div style=\"height:10px\" aria-hidden=\"true\" class=\"wp-block-spacer\"><\/div>\n\n<p>Les rencontres asexuelles avec des ch\u00e2timents corporels ont \u00e9galement un attrait incroyable avant et apr\u00e8s. En particulier, si vous accumulez les punitions dans une sorte de jeu de r\u00f4le, cela peut \u00eatre tr\u00e8s excitant avant, et certains peuvent m\u00eame \u00eatre excit\u00e9s par la <a href=\"#popmake-20247\" title=\"&#xC0; propos des peurs dans le BDSM \/ SM\">peur (Fear Play)<\/a>. Et cela apr\u00e8s, par exemple lorsque les fesses font encore longtemps mal en \u00e9tant assis, ce qui excite beaucoup de personnes passives. Il n&rsquo;est pas n\u00e9cessaire d&rsquo;avoir des relations sexuelles pour \u00eatre totalement d\u00e9tendu et rassasi\u00e9.   <\/p>\n\n<div style=\"height:10px\" aria-hidden=\"true\" class=\"wp-block-spacer\"><\/div>\n\n<p>Nous n&rsquo;allons pas \u00e9num\u00e9rer ici tous les types de fess\u00e9es, il y a suffisamment de lecture sur Internet pour cela, comme par exemple le dictionnaire BDSM. <\/p>\n\n<h4 class=\"wp-block-heading has-text-color has-link-color wp-elements-dcfddf01efab7b0232cf7940d947815d\" id=\"h-age-play\" style=\"color:#cccccc\">Age Play<\/h4>\n\n<p>Il convient \u00e9galement de mentionner le \u00ab <strong>jeu de r\u00f4le \u00e2ge<\/strong> \u00bb, o\u00f9 le soumis endosse le r\u00f4le qu&rsquo;il jouait autrefois. Cela est possible gr\u00e2ce \u00e0 la \u00ab suspension de l&rsquo;incr\u00e9dulit\u00e9 \u00bb, qui permet au soumis de se glisser dans la peau d&rsquo;un personnage plus jeune. Outre les punitions \u00e9ducatives, on joue volontiers avec l&rsquo;humiliation et la honte du soumis dans son r\u00f4le.  <\/p>\n\n<div style=\"height:10px\" aria-hidden=\"true\" class=\"wp-block-spacer\"><\/div>\n\n<p>Souvent, cela s&rsquo;accompagne du d\u00e9sir d&rsquo;\u00eatre totalement \u00e0 la merci de l&rsquo;autre ou de lui c\u00e9der compl\u00e8tement le contr\u00f4le. C&rsquo;est quelque chose que l&rsquo;on rencontre tr\u00e8s fr\u00e9quemment dans les diff\u00e9rents domaines du BDSM. M\u00eame les personnes tr\u00e8s dominantes ressentent souvent le besoin de pouvoir se <strong>laisser aller<\/strong>. Cela s&rsquo;explique peut-\u00eatre par le fait qu&rsquo;elles ne peuvent pas s&rsquo;abandonner autrement et que, par cons\u00e9quent, la satisfaction sexuelle, quelle qu&rsquo;elle soit, leur est plus difficile \u00e0 atteindre. Voir \u00e9galement ci-dessus sous \u00ab <a href=\"#sexspank\" title=\"Vers le haut vers fess&#xE9;e sexuelle\">fess\u00e9e sexuelle <\/a>\u00bb.    <br\/><br\/>Cette pratique est donc tr\u00e8s appr\u00e9ci\u00e9e et tr\u00e8s r\u00e9pandue, sous de nombreuses formes diff\u00e9rentes, par les dominatrices et les dominateurs.<\/p>\n\n<hr class=\"wp-block-separator has-alpha-channel-opacity hr-blog\"\/>\n\n<h2 class=\"wp-block-heading has-text-color has-medium-font-size\" id=\"h-das-nippel-kneifen-brustwarzen\" style=\"color:#cccccc\">Le <strong>pincement des t\u00e9tons<\/strong> (mamelons)<\/h2>\n\n<div style=\"height:10px\" aria-hidden=\"true\" class=\"wp-block-spacer\"><\/div>\n\n<p>C&rsquo;est une chose tr\u00e8s int\u00e9ressante qui attire particuli\u00e8rement les femmes dominantes chez les hommes. Il est \u00e9tonnant de voir \u00e0 quelle vitesse certaines femmes essaient de pincer les t\u00e9tons. D\u00e8s que vous les laissez faire ou qu&rsquo;elles remarquent que cela vous excite. Bien s\u00fbr, des accessoires tels que des pinces, etc. peuvent \u00e9galement \u00eatre utilis\u00e9s. Le fait est qu&rsquo;il existe un lien direct entre les t\u00e9tons et le centre du plaisir, chez les hommes comme chez les femmes.    <\/p>\n\n<div style=\"height:10px\" aria-hidden=\"true\" class=\"wp-block-spacer\"><\/div>\n\n<blockquote class=\"wp-block-quote is-layout-flow wp-block-quote-is-layout-flow\">\n<p>La torture des mamelons fait partie des pratiques BDSM et peut \u00eatre pratiqu\u00e9e de diff\u00e9rentes mani\u00e8res. Ce qui commence par de l\u00e9g\u00e8res caresses de la zone \u00e9rog\u00e8ne peut se transformer en une forme ludique de tourment. Elle n&rsquo;est donc pas seulement tr\u00e8s appr\u00e9ci\u00e9e des BDSMistes pur-sang. Elle est \u00e9galement id\u00e9ale pour les d\u00e9butants et la manipulation des mamelons fait partie du r\u00e9pertoire de tout actif. Elle peut \u00eatre utilis\u00e9e sur les hommes et les femmes, bien qu&rsquo;elle soit souvent beaucoup plus intense pour les subs f\u00e9minins.    <\/p>\n<cite>Biblioth\u00e8que BDSM<\/cite><\/blockquote>\n\n<hr class=\"wp-block-separator has-alpha-channel-opacity\"\/>\n\n<p>Beaucoup de gens ne vivent pas leurs besoins toute leur vie par peur, alors qu&rsquo;il suffit d&rsquo;un petit pas. Il existe en effet suffisamment de dominatrices professionnelles aupr\u00e8s desquelles on peut faire ses premi\u00e8res exp\u00e9riences en toute s\u00e9curit\u00e9. Le fait de pouvoir parler de ses fantasmes et de ses d\u00e9sirs permet de s&rsquo;ouvrir totalement. On se sent lib\u00e9r\u00e9 et, en r\u00e9alit\u00e9, beaucoup plus heureux. Il est \u00e9tonnant de constater que, g\u00e9n\u00e9ralement, d\u00e8s que l&rsquo;on s&rsquo;ouvre, cela est accueilli positivement. Beaucoup se r\u00e9jouissent pour nous, car ils remarquent que l&rsquo;on a chang\u00e9 de mani\u00e8re positive.     <\/p>\n","protected":false},"excerpt":{"rendered":"<p>J&rsquo;AIME AVOIR MAL ! Il existe de nombreuses fa\u00e7ons d&rsquo;infliger de la douleur, par exemple en frappant (fess\u00e9e), en pin\u00e7ant (agrafe), en br\u00fblant, en piquant ou en \u00e9lectrifiant. Nous nous int\u00e9ressons ici au type de jeu le plus courant, les coups, \u00e9galement appel\u00e9s fess\u00e9es, qui sont entr\u00e9s dans la vie sexuelle de beaucoup gr\u00e2ce au [&hellip;]<\/p>\n","protected":false},"author":1,"featured_media":0,"parent":0,"menu_order":0,"comment_status":"closed","ping_status":"closed","template":"template-fullwidth.php","meta":{"pgc_sgb_lightbox_settings":"","footnotes":""},"categories":[115],"tags":[453,463,116,577,148,576,441],"class_list":["post-14594","page","type-page","status-publish","hentry","category-page-sur-home","tag-age-play","tag-bdsm","tag-fessee","tag-lecture-de-tetons","tag-sm-fr","tag-traiter","tag-xxx"],"aioseo_notices":[],"_links":{"self":[{"href":"https:\/\/poverso.com\/fr\/wp-json\/wp\/v2\/pages\/14594","targetHints":{"allow":["GET"]}}],"collection":[{"href":"https:\/\/poverso.com\/fr\/wp-json\/wp\/v2\/pages"}],"about":[{"href":"https:\/\/poverso.com\/fr\/wp-json\/wp\/v2\/types\/page"}],"author":[{"embeddable":true,"href":"https:\/\/poverso.com\/fr\/wp-json\/wp\/v2\/users\/1"}],"replies":[{"embeddable":true,"href":"https:\/\/poverso.com\/fr\/wp-json\/wp\/v2\/comments?post=14594"}],"version-history":[{"count":3,"href":"https:\/\/poverso.com\/fr\/wp-json\/wp\/v2\/pages\/14594\/revisions"}],"predecessor-version":[{"id":46436,"href":"https:\/\/poverso.com\/fr\/wp-json\/wp\/v2\/pages\/14594\/revisions\/46436"}],"wp:attachment":[{"href":"https:\/\/poverso.com\/fr\/wp-json\/wp\/v2\/media?parent=14594"}],"wp:term":[{"taxonomy":"category","embeddable":true,"href":"https:\/\/poverso.com\/fr\/wp-json\/wp\/v2\/categories?post=14594"},{"taxonomy":"post_tag","embeddable":true,"href":"https:\/\/poverso.com\/fr\/wp-json\/wp\/v2\/tags?post=14594"}],"curies":[{"name":"wp","href":"https:\/\/api.w.org\/{rel}","templated":true}]}}