{"id":14636,"date":"2023-11-04T03:00:37","date_gmt":"2023-11-04T02:00:37","guid":{"rendered":"https:\/\/poverso.com\/protection-des-donnees\/"},"modified":"2026-03-31T13:37:54","modified_gmt":"2026-03-31T11:37:54","slug":"protection-des-donnees","status":"publish","type":"page","link":"https:\/\/poverso.com\/fr\/protection-des-donnees\/","title":{"rendered":"Protection des donn\u00e9es"},"content":{"rendered":"\n<h1 class=\"wp-block-heading\" id=\"h-datenschutzerklarung\">D\u00e9claration de confidentialit\u00e9<\/h1>\n\n<p>Le responsable au sens de la l\u00e9gislation sur la protection des donn\u00e9es, en particulier du R\u00e8glement g\u00e9n\u00e9ral sur la protection des donn\u00e9es (RGPD) de l&rsquo;UE, est : <a href=\"https:\/\/poverso.com\/fr\/\" title=\"Poverso\">Poverso<\/a> un site BDSM priv\u00e9.<\/p>\n\n<div style=\"height:21px\" aria-hidden=\"true\" class=\"wp-block-spacer\"><\/div>\n\n<div class=\"wp-block-group\"><div class=\"wp-block-group__inner-container is-layout-constrained wp-block-group-is-layout-constrained\">\n<h2 class=\"wp-block-heading\" id=\"h-ihre-betroffenenrechte-mitglieder\">Vos droits en tant que personne concern\u00e9e (membres)<\/h2>\n\n\n\n<p>Vous pouvez \u00e0 tout moment exercer les droits suivants en utilisant les coordonn\u00e9es indiqu\u00e9es de notre d\u00e9l\u00e9gu\u00e9 \u00e0 la protection des donn\u00e9es :<\/p>\n\n\n\n<ul class=\"wp-block-list\">\n<li>Information sur les donn\u00e9es que nous d\u00e9tenons \u00e0 votre sujet et sur leur traitement (article 15 du RGPD),<\/li>\n\n\n\n<li>Rectification des donn\u00e9es \u00e0 caract\u00e8re personnel inexactes (article 16 du RGPD),<\/li>\n\n\n\n<li>la suppression des donn\u00e9es que nous d\u00e9tenons \u00e0 votre sujet (article 17 du RGPD),<\/li>\n\n\n\n<li>la limitation du traitement des donn\u00e9es, dans la mesure o\u00f9 nous ne sommes pas encore autoris\u00e9s \u00e0 supprimer vos donn\u00e9es en raison d&rsquo;obligations l\u00e9gales (article 18 du RGPD),<\/li>\n\n\n\n<li>opposition au traitement de vos donn\u00e9es par nos soins (art. 21 RGPD) et<\/li>\n\n\n\n<li>la portabilit\u00e9 des donn\u00e9es, dans la mesure o\u00f9 vous avez consenti au traitement des donn\u00e9es ou conclu un contrat avec nous (article 20 du RGPD).<\/li>\n<\/ul>\n\n\n\n<p>Si vous nous avez donn\u00e9 votre consentement, vous pouvez le r\u00e9voquer \u00e0 tout moment avec effet pour l&rsquo;avenir.<\/p>\n\n\n\n<p>Vous pouvez \u00e0 tout moment d\u00e9poser une plainte aupr\u00e8s d&rsquo;une autorit\u00e9 de contr\u00f4le, par exemple l&rsquo;autorit\u00e9 de contr\u00f4le comp\u00e9tente de l&rsquo;\u00c9tat dans lequel vous r\u00e9sidez ou l&rsquo;autorit\u00e9 comp\u00e9tente dont nous d\u00e9pendons en tant qu&rsquo;entit\u00e9 responsable.<\/p>\n\n\n\n<p>Vous trouverez une liste des autorit\u00e9s de contr\u00f4le (pour le secteur non public) avec leur adresse \u00e0 l&rsquo;adresse suivante :<\/p>\n\n\n\n<p><a href=\"https:\/\/www.bfdi.bund.de\/DE\/Service\/Anschriften\/Laender\/Laender-node.html\" target=\"_blank\" rel=\"noreferrer noopener\">https:\/\/www.bfdi.bund.de\/DE\/Service\/Anschriften\/Laender\/Laender-node.html<\/a><\/p>\n<\/div><\/div>\n\n<div style=\"height:21px\" aria-hidden=\"true\" class=\"wp-block-spacer\"><\/div>\n\n<div class=\"wp-block-group\"><div class=\"wp-block-group__inner-container is-layout-constrained wp-block-group-is-layout-constrained\">\n<h2 class=\"wp-block-heading\" id=\"h-erfassung-allgemeiner-informationen-beim-besuch-unserer-website\">Collecte d&rsquo;informations g\u00e9n\u00e9rales lors de la visite de notre site web<\/h2>\n\n\n\n<h3 class=\"wp-block-heading\" id=\"h-art-und-zweck-der-verarbeitung\">la nature et la finalit\u00e9 du traitement :<\/h3>\n\n\n\n<p>Lorsque vous acc\u00e9dez \u00e0 notre site web, c&rsquo;est-\u00e0-dire lorsque vous ne vous enregistrez pas ou ne transmettez pas d&rsquo;informations d&rsquo;une autre mani\u00e8re, des informations de nature g\u00e9n\u00e9rale sont automatiquement collect\u00e9es. Ces informations (fichiers journaux du serveur) comprennent par exemple le type de navigateur Web, le syst\u00e8me d&rsquo;exploitation utilis\u00e9, le nom de domaine de votre fournisseur de services Internet, votre adresse IP et d&rsquo;autres informations similaires. <\/p>\n\n\n\n<p>Elles sont notamment trait\u00e9es aux fins suivantes :<\/p>\n\n\n\n<ul class=\"wp-block-list\">\n<li>Assurer une connexion sans probl\u00e8me du site,<\/li>\n\n\n\n<li>Assurer le bon fonctionnement de notre site web,<\/li>\n\n\n\n<li>l&rsquo;\u00e9valuation de la s\u00e9curit\u00e9 et de la stabilit\u00e9 du syst\u00e8me, et<\/li>\n\n\n\n<li>pour optimiser notre site web.<\/li>\n<\/ul>\n\n\n\n<p>Nous n&rsquo;utilisons pas vos donn\u00e9es pour tirer des conclusions sur votre personne. Les informations de ce type peuvent faire l&rsquo;objet d&rsquo;une analyse statistique anonyme afin d&rsquo;optimiser notre site Internet et la technologie qui le sous-tend.  <\/p>\n<\/div><\/div>\n\n<div style=\"height:21px\" aria-hidden=\"true\" class=\"wp-block-spacer\"><\/div>\n\n<div class=\"wp-block-group\"><div class=\"wp-block-group__inner-container is-layout-constrained wp-block-group-is-layout-constrained\">\n<h3 class=\"wp-block-heading\" id=\"h-rechtsgrundlage-und-berechtigtes-interesse\">Base juridique et int\u00e9r\u00eat l\u00e9gitime :  <\/h3>\n\n\n\n<p>Le traitement est effectu\u00e9 conform\u00e9ment \u00e0 l&rsquo;article 6, paragraphe 1, point  f du RGPD, sur la base de notre int\u00e9r\u00eat l\u00e9gitime \u00e0 am\u00e9liorer la stabilit\u00e9 et la fonctionnalit\u00e9 de notre site web. <\/p>\n\n\n\n<h3 class=\"wp-block-heading\" id=\"h-empfanger\">Destinataires :<\/h3>\n\n\n\n<p>Les destinataires des donn\u00e9es sont, le cas \u00e9ch\u00e9ant, des prestataires de services techniques qui interviennent en tant que sous-traitants pour l&rsquo;exploitation et la maintenance de notre site web.<\/p>\n\n\n\n<h3 class=\"wp-block-heading\" id=\"h-speicherdauer\">Dur\u00e9e de stockage :  <\/h3>\n\n\n\n<p>Les donn\u00e9es sont supprim\u00e9es d\u00e8s qu&rsquo;elles ne sont plus n\u00e9cessaires aux fins pour lesquelles elles ont \u00e9t\u00e9 collect\u00e9es. C&rsquo;est en principe le cas pour les donn\u00e9es qui servent \u00e0 la mise \u00e0 disposition du site web, lorsque la session respective est termin\u00e9e. <\/p>\n\n\n\n<h3 class=\"wp-block-heading\" id=\"h-bereitstellung-vorgeschrieben-oder-erforderlich\">Fourniture obligatoire ou requise :<\/h3>\n\n\n\n<p>La fourniture des donn\u00e9es personnelles susmentionn\u00e9es n&rsquo;est pas une obligation l\u00e9gale ou contractuelle. Toutefois, sans l&rsquo;adresse IP, le service et le fonctionnement de notre site Web ne sont pas garantis. En outre, certains services et prestations peuvent ne pas \u00eatre disponibles ou \u00eatre limit\u00e9s. Pour cette raison, toute opposition est exclue.   <\/p>\n<\/div><\/div>\n\n<div style=\"height:21px\" aria-hidden=\"true\" class=\"wp-block-spacer\"><\/div>\n\n<div class=\"wp-block-group\"><div class=\"wp-block-group__inner-container is-layout-constrained wp-block-group-is-layout-constrained\">\n<h2 class=\"wp-block-heading\" id=\"h-verwendung-von-google-webfonts\">Utilisation de Google Webfonts<\/h2>\n\n\n\n<p>Afin d&rsquo;afficher nos contenus correctement et de mani\u00e8re graphique sur tous les navigateurs, nous utilisons sur ce site web les \u00ab\u00a0Google Web Fonts\u00a0\u00bb de Google LLC (1600 Amphitheatre Parkway, Mountain View, CA 94043, USA ; ci-apr\u00e8s \u00ab\u00a0Google\u00a0\u00bb) pour l&rsquo;affichage des polices.  <\/p>\n\n\n\n<p>Pour plus d&rsquo;informations sur Google Web Fonts, veuillez consulter <br\/><a href=\"https:\/\/developers.google.com\/fonts\/faq\" target=\"_blank\" rel=\"noreferrer noopener nofollow\">https:\/\/developers.google.com\/fonts\/faq<\/a> <br\/>et la d\u00e9claration de confidentialit\u00e9 de Google : <br\/><a href=\"https:\/\/www.google.com\/policies\/privacy\/\" target=\"_blank\" rel=\"noreferrer noopener nofollow\">https:\/\/www.google.com\/policies\/privacy<\/a><\/p>\n<\/div><\/div>\n\n<div style=\"height:21px\" aria-hidden=\"true\" class=\"wp-block-spacer\"><\/div>\n\n<div class=\"wp-block-group\"><div class=\"wp-block-group__inner-container is-layout-constrained wp-block-group-is-layout-constrained\">\n<h2 class=\"wp-block-heading\" id=\"h-eingebettete-youtube-videos\">Vid\u00e9os YouTube int\u00e9gr\u00e9es<\/h2>\n\n\n\n<p>Sur notre site web, nous int\u00e9grons des vid\u00e9os YouTube. L&rsquo;exploitant des plug-ins correspondants est YouTube, LLC, 901 Cherry Ave, San Bruno, CA 94066, USA (ci-apr\u00e8s \u00ab\u00a0YouTube\u00a0\u00bb). YouTube, LLC est une filiale de Google LLC, 1600 Amphitheatre Pkwy, Mountain View, CA 94043, \u00c9tats-Unis (ci-apr\u00e8s \u00ab\u00a0Google\u00a0\u00bb). Lorsque vous visitez une page contenant le plug-in YouTube, une connexion est \u00e9tablie avec les serveurs de YouTube. YouTube est alors inform\u00e9 des pages que vous visitez. Si vous \u00eates connect\u00e9 \u00e0 votre compte YouTube, YouTube peut vous attribuer personnellement votre comportement de navigation. Vous pouvez \u00e9viter cela en vous d\u00e9connectant au pr\u00e9alable de votre compte YouTube.<\/p>\n\n\n\n<p>Lorsqu&rsquo;une vid\u00e9o YouTube est lanc\u00e9e, le fournisseur utilise des cookies qui collectent des informations sur le comportement de l&rsquo;utilisateur.  <\/p>\n\n\n\n<p>Pour plus d&rsquo;informations sur la finalit\u00e9 et l&rsquo;\u00e9tendue de la collecte de donn\u00e9es et de leur traitement par YouTube, veuillez consulter la d\u00e9claration de confidentialit\u00e9 du fournisseur. Vous y trouverez \u00e9galement des informations sur vos droits en la mati\u00e8re et les possibilit\u00e9s de param\u00e9trage pour prot\u00e9ger votre vie priv\u00e9e<a href=\"https:\/\/policies.google.com\/privacy\">(https:\/\/policies.google.com\/privacy)<\/a>.  <\/p>\n<\/div><\/div>\n\n<div style=\"height:21px\" aria-hidden=\"true\" class=\"wp-block-spacer\"><\/div>\n\n<div class=\"wp-block-group\"><div class=\"wp-block-group__inner-container is-layout-constrained wp-block-group-is-layout-constrained\">\n<h2 class=\"wp-block-heading\" id=\"h-verwendung-eines-statistik-plugin-wp-statistics\">Utilisation d&rsquo;un plug-in de statistiques (WP Statistics)<\/h2>\n\n\n\n<p>Notre module de statistiques n&rsquo;utilise pas de cookies et les donn\u00e9es collect\u00e9es permettent uniquement d&rsquo;\u00e9tablir des statistiques anonymes sur l&rsquo;utilisation de notre site. Le plug-in rend \u00e9galement votre adresse IP anonyme. Vous ne pouvez donc pas \u00eatre identifi\u00e9 en tant que personne.  <\/p>\n\n\n\n<h2 class=\"wp-block-heading\" id=\"h-ssl-verschlusselung\">Chiffrement SSL<\/h2>\n\n\n\n<p>Afin de prot\u00e9ger la s\u00e9curit\u00e9 de vos donn\u00e9es lors de leur transmission, nous utilisons des proc\u00e9dures de cryptage conformes \u00e0 l&rsquo;\u00e9tat actuel de la technique (par ex. SSL) via HTTPS.<\/p>\n\n\n\n<h3 class=\"wp-block-heading\" id=\"h-widerruf-der-einwilligung\">R\u00e9vocation du consentement :<\/h3>\n\n\n\n<p>Le fournisseur n&rsquo;offre actuellement aucune possibilit\u00e9 d&rsquo;opt-out simple ou de blocage du transfert de donn\u00e9es. Si vous souhaitez emp\u00eacher le suivi de vos activit\u00e9s sur notre site web, veuillez r\u00e9voquer votre consentement dans l&rsquo;outil de consentement aux cookies pour la cat\u00e9gorie de cookies correspondante ou pour tous les cookies et transferts de donn\u00e9es qui ne sont pas techniquement n\u00e9cessaires. Dans ce cas, il se peut toutefois que vous ne puissiez pas utiliser notre site web ou que votre utilisation soit limit\u00e9e.   <\/p>\n<\/div><\/div>\n\n<hr class=\"wp-block-separator has-alpha-channel-opacity\"\/>\n\n<div class=\"wp-block-group\"><div class=\"wp-block-group__inner-container is-layout-constrained wp-block-group-is-layout-constrained\">\n<h2 class=\"wp-block-heading\" id=\"h-information-uber-ihr-widerspruchsrecht-nach-art-21-dsgvo\">Information sur votre droit d&rsquo;opposition conform\u00e9ment \u00e0 l&rsquo;article 21 du RGPD<\/h2>\n\n\n\n<h3 class=\"wp-block-heading\" id=\"h-einzelfallbezogenes-widerspruchsrecht\">Droit d&rsquo;opposition au cas par cas<\/h3>\n\n\n\n<p> Vous avez le droit, pour des raisons li\u00e9es \u00e0 votre situation particuli\u00e8re, de vous opposer \u00e0 tout moment au traitement des donn\u00e9es \u00e0 caract\u00e8re personnel vous concernant, effectu\u00e9 sur la base de l&rsquo;article 6, paragraphe 1, point f), du RGPD (traitement des donn\u00e9es fond\u00e9 sur la mise en balance des int\u00e9r\u00eats) ; cela vaut \u00e9galement pour le profilage au sens de l&rsquo;article 4, point 4, du RGPD, fond\u00e9 sur cette disposition. <\/p>\n\n\n\n<p>Si vous vous y opposez, nous ne traiterons plus vos donn\u00e9es \u00e0 caract\u00e8re personnel, \u00e0 moins que nous puissions d\u00e9montrer qu&rsquo;il existe des motifs l\u00e9gitimes et imp\u00e9rieux pour le traitement qui pr\u00e9valent sur vos int\u00e9r\u00eats, droits et libert\u00e9s, ou que le traitement sert \u00e0 faire valoir, exercer ou d\u00e9fendre des droits en justice.<\/p>\n\n\n\n<h3 class=\"wp-block-heading\" id=\"h-empfanger-eines-widerspruchs\">Destinataire d&rsquo;une opposition<\/h3>\n\n\n\n<p><strong><a href=\"mailto:Info@Poverso.com\" target=\"_blank\" rel=\"noreferrer noopener\">Info@Poverso.com<\/a><\/strong><\/p>\n<\/div><\/div>\n\n<hr class=\"wp-block-separator has-alpha-channel-opacity\"\/>\n\n<div class=\"wp-block-group\"><div class=\"wp-block-group__inner-container is-layout-constrained wp-block-group-is-layout-constrained\">\n<h2 class=\"wp-block-heading\" id=\"h-anderung-unserer-datenschutzbestimmungen\">Modification de notre politique de confidentialit\u00e9<\/h2>\n\n\n\n<p>Nous nous r\u00e9servons le droit d&rsquo;adapter la pr\u00e9sente d\u00e9claration de protection des donn\u00e9es afin qu&rsquo;elle soit toujours conforme aux exigences l\u00e9gales actuelles ou afin de mettre en \u0153uvre les modifications de nos prestations dans la d\u00e9claration de protection des donn\u00e9es, par exemple lors de l&rsquo;introduction de nouveaux services. La nouvelle d\u00e9claration de protection des donn\u00e9es s&rsquo;appliquera alors \u00e0 votre nouvelle visite.   <\/p>\n\n\n\n<h2 class=\"wp-block-heading\" id=\"h-fragen-an-den-datenschutzbeauftragten\">Questions au d\u00e9l\u00e9gu\u00e9 \u00e0 la protection des donn\u00e9es<\/h2>\n\n\n\n<p>Si vous avez des questions sur la protection des donn\u00e9es, veuillez nous envoyer un e-mail ou contacter directement le responsable de la protection des donn\u00e9es au sein de notre organisation \u00e0 <strong>l&rsquo;adresse suivante : Info@Poverso.com<\/strong><br\/><\/p>\n<\/div><\/div>\n","protected":false},"excerpt":{"rendered":"<p>D\u00e9claration de confidentialit\u00e9 Le responsable au sens de la l\u00e9gislation sur la protection des donn\u00e9es, en particulier du R\u00e8glement g\u00e9n\u00e9ral sur la protection des donn\u00e9es (RGPD) de l&rsquo;UE, est : Poverso un site BDSM priv\u00e9. Vos droits en tant que personne concern\u00e9e (membres) Vous pouvez \u00e0 tout moment exercer les droits suivants en utilisant les [&hellip;]<\/p>\n","protected":false},"author":1,"featured_media":0,"parent":0,"menu_order":0,"comment_status":"closed","ping_status":"closed","template":"","meta":{"pgc_sgb_lightbox_settings":"","footnotes":""},"categories":[],"tags":[441],"class_list":["post-14636","page","type-page","status-publish","hentry","tag-xxx"],"aioseo_notices":[],"_links":{"self":[{"href":"https:\/\/poverso.com\/fr\/wp-json\/wp\/v2\/pages\/14636","targetHints":{"allow":["GET"]}}],"collection":[{"href":"https:\/\/poverso.com\/fr\/wp-json\/wp\/v2\/pages"}],"about":[{"href":"https:\/\/poverso.com\/fr\/wp-json\/wp\/v2\/types\/page"}],"author":[{"embeddable":true,"href":"https:\/\/poverso.com\/fr\/wp-json\/wp\/v2\/users\/1"}],"replies":[{"embeddable":true,"href":"https:\/\/poverso.com\/fr\/wp-json\/wp\/v2\/comments?post=14636"}],"version-history":[{"count":4,"href":"https:\/\/poverso.com\/fr\/wp-json\/wp\/v2\/pages\/14636\/revisions"}],"predecessor-version":[{"id":46337,"href":"https:\/\/poverso.com\/fr\/wp-json\/wp\/v2\/pages\/14636\/revisions\/46337"}],"wp:attachment":[{"href":"https:\/\/poverso.com\/fr\/wp-json\/wp\/v2\/media?parent=14636"}],"wp:term":[{"taxonomy":"category","embeddable":true,"href":"https:\/\/poverso.com\/fr\/wp-json\/wp\/v2\/categories?post=14636"},{"taxonomy":"post_tag","embeddable":true,"href":"https:\/\/poverso.com\/fr\/wp-json\/wp\/v2\/tags?post=14636"}],"curies":[{"name":"wp","href":"https:\/\/api.w.org\/{rel}","templated":true}]}}